{"id":3,"date":"2024-12-11T18:15:29","date_gmt":"2024-12-11T17:15:29","guid":{"rendered":"https:\/\/pilowa.com\/?page_id=3"},"modified":"2025-03-07T17:41:58","modified_gmt":"2025-03-07T16:41:58","slug":"privacidad","status":"publish","type":"page","link":"https:\/\/pilowa.com\/fr\/privacidad\/","title":{"rendered":"Politique de confidentialit\u00e9"},"content":{"rendered":"<p class=\"p1\">Chez Pilowa, nous prenons tr\u00e8s au s\u00e9rieux la protection des donn\u00e9es des utilisateurs de notre site Web www.pilowa.com et c'est pourquoi nous souhaitons que vous lisiez notre politique de confidentialit\u00e9 avant de laisser vos donn\u00e9es dans l'un de nos formulaires.<\/p>\n<p class=\"p1\"><b>R\u00e9glementations l\u00e9gales auxquelles ce site Web adh\u00e8re<\/b><\/p>\n<p class=\"p1\">Pilowa a adapt\u00e9 le site Web www.pilowa.com aux exigences de la \"Ley Org\u00e1nica 15\/1999, de 13 de Diciembre, de Protecci\u00f3n de Datos de Car\u00e1cter Personal (LOPD)\", et du \"Real Decreto 1720\/2007, de 21 de Diciembre\", connu sous le nom de R\u00e8glement pour le d\u00e9veloppement de la LOPD. Il est \u00e9galement conforme au R\u00e8glement (UE) 2016\/679 du Parlement europ\u00e9en et du Conseil du 27 avril 2016 relatif \u00e0 la protection des donn\u00e9es personnelles (RGPD), ainsi qu'\u00e0 la \"Ley 34\/2002, de 11 de Julio, de Servicios de la Sociedad de la Informaci\u00f3n y Comercio Electr\u00f3nico (LSSICE o LSSI)\".<\/p>\n<p class=\"p1\"><b>Mineurs<\/b><\/p>\n<p class=\"p1\">Dans le cas des mineurs de moins de treize ans, le consentement des parents ou tuteurs est requis pour le traitement de leurs donn\u00e9es personnelles.<\/p>\n<p class=\"p1\">En aucun cas, des donn\u00e9es relatives \u00e0 la situation professionnelle ou \u00e9conomique ou \u00e0 la vie priv\u00e9e d\u2019autres membres de la famille ne seront collect\u00e9s aupr\u00e8s de mineurs sans leur consentement.<\/p>\n<p class=\"p1\">Si vous avez moins de treize ans et que vous avez acc\u00e9d\u00e9 \u00e0 ce site Web sans en informer vos parents, vous ne devez pas vous inscrire en tant qu'utilisateur.<\/p>\n<p class=\"p1\"><b>Quelques principes \u00e0 conna\u00eetre:<\/b><\/p>\n<p class=\"p1\">Chez Pilowa.es, le respect et la protection des donn\u00e9es personnelles des utilisateurs sont une priorit\u00e9. En tant qu'utilisateur, vous devez savoir que vos droits sont garantis sur ce site.<\/p>\n<p class=\"p1\">Nous avons travaill\u00e9 dur pour cr\u00e9er un espace s\u00fbr et digne de confiance et c'est pourquoi nous souhaitons partager avec vous nos principes concernant votre vie priv\u00e9e:<\/p>\n<p class=\"p1\"><span class=\"Apple-converted-space\">\u00a0 \u00a0 <\/span>- Nous ne demandons jamais d\u2019informations personnelles \u00e0 moins que cela ne soit vraiment n\u00e9cessaire pour vous fournir les services dont vous avez besoin de ma part.<\/p>\n<p class=\"p1\"><span class=\"Apple-converted-space\">\u00a0 \u00a0 <\/span>- Nous ne partageons jamais les informations personnelles de nos utilisateurs avec qui que ce soit, sauf pour nous conformer \u00e0 la loi ou avec votre autorisation expresse.<\/p>\n<p class=\"p1\"><span class=\"Apple-converted-space\">\u00a0 \u00a0 <\/span>- Nous n\u2019utilisons jamais vos donn\u00e9es personnelles \u00e0 d\u2019autres fins que celles indiqu\u00e9es dans la pr\u00e9sente politique de confidentialit\u00e9.<\/p>\n<p class=\"p1\">Cette politique de confidentialit\u00e9 peut varier en fonction des exigences l\u00e9gislatives ou d'autor\u00e9glementation, je vous conseille donc en tant qu'utilisateur de la visiter p\u00e9riodiquement. Cela sera applicable si les utilisateurs d\u00e9cident de remplir l'un des formulaires de contact o\u00f9 des donn\u00e9es personnelles sont collect\u00e9es.<\/p>\n<p class=\"p1\"><b>1. Responsable du traitement de vos donn\u00e9es personnelles<\/b><\/p>\n<p class=\"p1\">Identit\u00e9 : Sophia Khattabi (ci-apr\u00e8s, \u00ab Pilowa \u00bb)<span class=\"Apple-converted-space\">\u00a0<\/span><\/p>\n<p class=\"p1\">NIF: X9637020C<\/p>\n<p class=\"p1\">Adresse postale : Gran Via de les Corts Catalanes 1032, 10, 2 \u2013 Barcelone<\/p>\n<p class=\"p1\">Contact du d\u00e9l\u00e9gu\u00e9 \u00e0 la protection des donn\u00e9es : info@pilowa.com<\/p>\n<p class=\"p1\">Pilowa, en tant que responsable du site Internet www.pilowa.com, conform\u00e9ment aux dispositions du R\u00e8glement (UE) 2016\/679, du 27 avril, relatif \u00e0 la protection des personnes physiques \u00e0 l'\u00e9gard du traitement des donn\u00e9es \u00e0 caract\u00e8re personnel (ci-apr\u00e8s, \u00ab RGPD \u00bb) \"), et la \u201cLey 34\/2002, de 11 de Julio, de servicios de la Sociedad de la informaci\u00f3n y del comercio electr\u00f3nico (LSSICE)\u201d, vous informe qu'elle a mis en \u0153uvre les mesures de s\u00e9curit\u00e9 n\u00e9cessaires, de nature technique et organisationnelle, pour garantir et prot\u00e9ger la confidentialit\u00e9, l'int\u00e9grit\u00e9 et la disponibilit\u00e9 des donn\u00e9es saisies.<\/p>\n<p class=\"p1\"><b>2. Finalit\u00e9 du traitement de vos donn\u00e9es personnelles<\/b><\/p>\n<p class=\"p1\">Vos donn\u00e9es personnelles ne seront utilis\u00e9es qu'aux fins suivantes :<\/p>\n<p class=\"p1\"><span class=\"Apple-converted-space\">\u00a0 \u00a0 <\/span>- G\u00e9rer l\u2019envoi d\u2019informations sur les produits et services Pilowa et conna\u00eetre votre avis concernant les informations que nous vous avons fournies.<\/p>\n<p class=\"p1\"><span class=\"Apple-converted-space\">\u00a0 \u00a0 <\/span>- G\u00e9rer l\u2019envoi d\u2019informations commerciales concernant d\u2019autres produits et services de Pilowa, ainsi que des informations relatives aux \u00e9v\u00e9nements r\u00e9alis\u00e9s par Pilowa en tant qu\u2019institution et aux c\u00e9l\u00e9brations et reconnaissances r\u00e9alis\u00e9es par elle, \u00e0 travers la cr\u00e9ation de profils, tant de la part de Pilowa et \u00e0 des tiers, ainsi que l'envoi d'enqu\u00eates li\u00e9es \u00e0 la recherche et \u00e0 l'innovation, entre autres sujets.<span class=\"Apple-converted-space\">\u00a0<\/span><\/p>\n<p class=\"p1\"><span class=\"Apple-converted-space\">\u00a0 \u00a0 <\/span>- G\u00e9rer le contrat de prestation de services avec l\u2019int\u00e9ress\u00e9. La gestion des contrats implique la r\u00e9alisation de toutes les proc\u00e9dures administratives n\u00e9cessaires \u00e0 cet effet, telles que l'acc\u00e8s, dans lequel la documentation fournie par le client est examin\u00e9e pour sa validation correcte par Pilowa et l'attention, dans laquelle Ils facilitent et mettent \u00e0 la disposition du client les canaux de communication avec Pilowa.<\/p>\n<p class=\"p1\">Nous ne traiterons pas vos donn\u00e9es personnelles \u00e0 d\u2019autres fins que celles d\u00e9crites ici, sauf en cas d\u2019obligation l\u00e9gale ou de d\u00e9cision de justice.<\/p>\n<p class=\"p1\"><b>3. Dur\u00e9e de conservation de vos donn\u00e9es personnelles<\/b><\/p>\n<p class=\"p1\">Les donn\u00e9es personnelles fournies seront conserv\u00e9es:<\/p>\n<p class=\"p1\"><span class=\"Apple-converted-space\">\u00a0 \u00a0 <\/span>- Tant que la relation commerciale est maintenue, et\/ou<\/p>\n<p class=\"p1\"><span class=\"Apple-converted-space\">\u00a0 \u00a0 <\/span>- Tant que sa suppression n\u2019est pas demand\u00e9e par l\u2019int\u00e9ress\u00e9.<\/p>\n<p class=\"p1\"><b>4. L\u00e9gitimation du traitement de vos donn\u00e9es personnelles<\/b><\/p>\n<p class=\"p1\">La base juridique du traitement de vos donn\u00e9es est : le consentement.<\/p>\n<p class=\"p1\">Le fait de remplir et de soumettre un formulaire sur ce site web implique l'acceptation de la pr\u00e9sente politique de confidentialit\u00e9.<\/p>\n<p class=\"p1 translation-block\">La pr\u00e9vision ou la fourniture commerciale du produit et des services sont \u00e9galement bas\u00e9es sur le consentement requis, l'application du contrat n'\u00e9tant en aucun cas influenc\u00e9e par le retrait de ce consentement. De m\u00eame, les contrats de services et de produits sont conclus selon les termes et conditions sp\u00e9cifi\u00e9s dans la politique commerciale.<\/p>\n<p class=\"p1\"><b>5. Lieu o\u00f9 sont stock\u00e9es vos donn\u00e9es personnelles\u00a8<\/b><\/p>\n<p class=\"p1\">Les informations que vous fournissez sont stock\u00e9es sur les serveurs de IONOS ou par des fournisseurs de traitement de donn\u00e9es et des soci\u00e9t\u00e9s qui ont des serveurs dans l'Union europ\u00e9enne ou sont couverts par le Privacy Shield.<span class=\"Apple-converted-space\">\u00a0<\/span><\/p>\n<p class=\"p1\"><b>6. Cession et transfert de vos donn\u00e9es personnelles<\/b><\/p>\n<p class=\"p1\">Les donn\u00e9es fournies peuvent \u00eatre transf\u00e9r\u00e9es aux soci\u00e9t\u00e9s dans lesquelles Pilowa d\u00e9tient une participation et aux soci\u00e9t\u00e9s charg\u00e9es du traitement des donn\u00e9es (telles que les prestataires de services : services de livraison de communications, services de messagerie, agences, services similaires de g\u00e9n\u00e9ration d'audience, etc.).<\/p>\n<p class=\"p1\">Les transferts internationaux peuvent \u00e9galement \u00eatre effectu\u00e9s conform\u00e9ment au r\u00e9gime d\u2019autorisation pr\u00e9alable et de notification \u00e9tabli par la r\u00e9glementation en vigueur.<\/p>\n<p class=\"p1\"><b>7. Droits des parties int\u00e9ress\u00e9es<\/b><\/p>\n<p class=\"p1 translation-block\">Vous pouvez demander l'exercice des droits suivants aupr\u00e8s de Pilowa en soumettant une lettre \u00e0 l'adresse postale qui appara\u00eet au point 1 ou en envoyant un e-mail \u00e0 info@pilowa.com et en joignant une photocopie de votre pi\u00e8ce d'identit\u00e9 ou de tout autre document juridiquement analogue, comme a indiqu\u00e9 la loi.<\/p>\n<p class=\"p1 translation-block\">Droit d'acc\u00e8s : permet \u00e0 l'int\u00e9ress\u00e9 de conna\u00eetre et d'obtenir des informations sur ses donn\u00e9es personnelles qui sont en cours de traitement.<\/p>\n<p class=\"p1 translation-block\">Droit de rectification ou de suppression : permet de corriger les erreurs et de modifier les donn\u00e9es inexactes ou incompl\u00e8tes.<\/p>\n<p class=\"p1 translation-block\">Droit de suppression : permet de supprimer les donn\u00e9es jug\u00e9es inad\u00e9quates ou excessives.<\/p>\n<p class=\"p1\"><b>Droit d\u2019opposition : droit de la personne concern\u00e9e d\u2019emp\u00eacher le traitement de ses donn\u00e9es personnelles ou de faire cesser leur traitement. <\/b>derecho del interesado a que no se realice el tratamiento de sus datos de car\u00e1cter personal o se cese en su tratamiento.<\/p>\n<p class=\"p1 translation-block\">Limitation du traitement : consiste \u00e0 marquer les donn\u00e9es personnelles stock\u00e9es afin de limiter leur traitement futur.<\/p>\n<p class=\"p1 translation-block\">Portabilit\u00e9 des donn\u00e9es : mise \u00e0 disposition de la personne concern\u00e9e par le traitement afin qu'elle puisse les transmettre \u00e0 un autre responsable du traitement sans obstacle.<\/p>\n<p class=\"p1\">Droit de ne pas faire l\u2019objet de d\u00e9cisions individuelles automatis\u00e9es pour lesquelles la personne concern\u00e9e n\u2019a pas donn\u00e9 son consentement (y compris le profilage).<\/p>\n<p class=\"p1\">Droit de ne pas faire l\u2019objet d\u2019une d\u00e9cision fond\u00e9e sur un traitement automatis\u00e9 produisant des effets vous concernant ou vous affectant de mani\u00e8re significative.<\/p>\n<p class=\"p1\">Droit de retirer le consentement donn\u00e9 \u00e0 tout moment.<\/p>\n<p class=\"p1\">La personne concern\u00e9e a \u00e9galement le droit d\u2019introduire une r\u00e9clamation aupr\u00e8s de l\u2019autorit\u00e9 de contr\u00f4le si elle estime que ses droits en mati\u00e8re de protection de ses donn\u00e9es pourraient avoir \u00e9t\u00e9 viol\u00e9s.<\/p>\n<p class=\"p1\"><b>8. S\u00e9curit\u00e9 de vos donn\u00e9es personnelles<\/b><\/p>\n<p class=\"p1\">Pilowa, en r\u00e9ponse \u00e0 la confiance plac\u00e9e en nous et compte tenu de l'importance de la protection et de la confidentialit\u00e9 requises par les donn\u00e9es personnelles de l'utilisateur, vous informe qu'elle a adopt\u00e9 toutes les mesures techniques et organisationnelles n\u00e9cessaires pour pr\u00e9server leur s\u00e9curit\u00e9, telles que : r\u00e9glementation en vigueur r\u00e9gissant les mesures de s\u00e9curit\u00e9 des fichiers contenant des donn\u00e9es personnelles.<\/p>\n<p class=\"p1\"><b>9. Exactitude et v\u00e9racit\u00e9 de vos donn\u00e9es personnelles<\/b><\/p>\n<p class=\"p1\">En tant qu'utilisateur, vous \u00eates seul responsable de la v\u00e9racit\u00e9 et de l'exactitude des donn\u00e9es que vous transmettez \u00e0 www.pilowa.com, exon\u00e9rant Pilowa de toute responsabilit\u00e9 \u00e0 cet \u00e9gard. Les utilisateurs garantissent et sont responsables, dans tous les cas, de l'exactitude, de la validit\u00e9 et de l'authenticit\u00e9 des donn\u00e9es personnelles fournies et s'engagent \u00e0 les tenir d\u00fbment \u00e0 jour. L'utilisateur s'engage \u00e0 fournir des informations compl\u00e8tes et correctes dans le formulaire de contact ou d'inscription.<\/p>\n<p class=\"p1\"><b>10.  Acceptation et consentement au transfert de vos donn\u00e9es personnelles<\/b><\/p>\n<p class=\"p1\">L'utilisateur d\u00e9clare avoir \u00e9t\u00e9 inform\u00e9 des conditions relatives \u00e0 la protection des donn\u00e9es personnelles, acceptant et consentant au traitement de celles-ci par Pilowa de la mani\u00e8re et aux fins indiqu\u00e9es dans la pr\u00e9sente politique de confidentialit\u00e9.<\/p>\n<p class=\"p1\"><b>Modifications de cette politique de confidentialit\u00e9<\/b><\/p>\n<p class=\"p1\">Pilowa se r\u00e9serve le droit de modifier cette politique pour l'adapter \u00e0 une nouvelle l\u00e9gislation ou jurisprudence.<\/p>\n<p class=\"p1\"><b>Courriels commerciaux<\/b><\/p>\n<p class=\"p1\">Conform\u00e9ment \u00e0 la LSSICE, Pilowa n'effectue pas de pratiques de SPAM et n'envoie donc pas de courriers \u00e9lectroniques commerciaux par voie \u00e9lectronique qui n'ont pas \u00e9t\u00e9 pr\u00e9alablement demand\u00e9s ou autoris\u00e9s par l'utilisateur.<span class=\"Apple-converted-space\">\u00a0<\/span><\/p>\n<p class=\"p1\">Conform\u00e9ment aux dispositions de la loi 34\/2002 sur les services de la soci\u00e9t\u00e9 de l'information et du commerce \u00e9lectronique, Pilowa s'engage \u00e0 ne pas envoyer de communications commerciales sans les identifier correctement.<\/p>","protected":false},"excerpt":{"rendered":"<p>En Pilowa nos tomamos muy en serio la protecci\u00f3n de los datos de los usuarios de nuestra web www.pilowa.com y por eso queremos que leas nuestra pol\u00edtica de privacidad antes de dejar tus datos en cualquiera de nuestros formularios. Regulaciones legales a las que se acoge esta web Pilowa ha adecuado la web www.pilowa.com a [&hellip;]<\/p>\n","protected":false},"author":1,"featured_media":0,"parent":0,"menu_order":0,"comment_status":"closed","ping_status":"closed","template":"","meta":{"_et_pb_use_builder":"","_et_pb_old_content":"","_et_gb_content_width":"","footnotes":""},"class_list":["post-3","page","type-page","status-publish","hentry"],"yoast_head":"<!-- This site is optimized with the Yoast SEO plugin v27.3 - https:\/\/yoast.com\/product\/yoast-seo-wordpress\/ -->\n<title>Pol\u00edtica de privacidad - Pilowa.com<\/title>\n<meta name=\"robots\" content=\"noindex, nofollow\" \/>\n<meta property=\"og:locale\" content=\"fr_FR\" \/>\n<meta property=\"og:type\" content=\"article\" \/>\n<meta property=\"og:title\" content=\"Pol\u00edtica de privacidad - Pilowa.com\" \/>\n<meta property=\"og:description\" content=\"En Pilowa nos tomamos muy en serio la protecci\u00f3n de los datos de los usuarios de nuestra web www.pilowa.com y por eso queremos que leas nuestra pol\u00edtica de privacidad antes de dejar tus datos en cualquiera de nuestros formularios. Regulaciones legales a las que se acoge esta web Pilowa ha adecuado la web www.pilowa.com a [&hellip;]\" \/>\n<meta property=\"og:url\" content=\"https:\/\/pilowa.com\/fr\/privacidad\/\" \/>\n<meta property=\"og:site_name\" content=\"Pilowa.com\" \/>\n<meta property=\"article:modified_time\" content=\"2025-03-07T16:41:58+00:00\" \/>\n<meta name=\"twitter:card\" content=\"summary_large_image\" \/>\n<meta name=\"twitter:label1\" content=\"Dur\u00e9e de lecture estim\u00e9e\" \/>\n\t<meta name=\"twitter:data1\" content=\"7 minutes\" \/>\n<script type=\"application\/ld+json\" class=\"yoast-schema-graph\">{\"@context\":\"https:\\\/\\\/schema.org\",\"@graph\":[{\"@type\":\"WebPage\",\"@id\":\"https:\\\/\\\/pilowa.com\\\/privacidad\\\/\",\"url\":\"https:\\\/\\\/pilowa.com\\\/privacidad\\\/\",\"name\":\"Pol\u00edtica de privacidad - Pilowa.com\",\"isPartOf\":{\"@id\":\"https:\\\/\\\/pilowa.com\\\/#website\"},\"datePublished\":\"2024-12-11T17:15:29+00:00\",\"dateModified\":\"2025-03-07T16:41:58+00:00\",\"breadcrumb\":{\"@id\":\"https:\\\/\\\/pilowa.com\\\/privacidad\\\/#breadcrumb\"},\"inLanguage\":\"fr-FR\",\"potentialAction\":[{\"@type\":\"ReadAction\",\"target\":[\"https:\\\/\\\/pilowa.com\\\/privacidad\\\/\"]}]},{\"@type\":\"BreadcrumbList\",\"@id\":\"https:\\\/\\\/pilowa.com\\\/privacidad\\\/#breadcrumb\",\"itemListElement\":[{\"@type\":\"ListItem\",\"position\":1,\"name\":\"Portada\",\"item\":\"https:\\\/\\\/pilowa.com\\\/\"},{\"@type\":\"ListItem\",\"position\":2,\"name\":\"Pol\u00edtica de privacidad\"}]},{\"@type\":\"WebSite\",\"@id\":\"https:\\\/\\\/pilowa.com\\\/#website\",\"url\":\"https:\\\/\\\/pilowa.com\\\/\",\"name\":\"Pilowa.com\",\"description\":\"Perchero para restaurantes\",\"publisher\":{\"@id\":\"https:\\\/\\\/pilowa.com\\\/#organization\"},\"potentialAction\":[{\"@type\":\"SearchAction\",\"target\":{\"@type\":\"EntryPoint\",\"urlTemplate\":\"https:\\\/\\\/pilowa.com\\\/?s={search_term_string}\"},\"query-input\":{\"@type\":\"PropertyValueSpecification\",\"valueRequired\":true,\"valueName\":\"search_term_string\"}}],\"inLanguage\":\"fr-FR\"},{\"@type\":\"Organization\",\"@id\":\"https:\\\/\\\/pilowa.com\\\/#organization\",\"name\":\"Pilowa.com\",\"url\":\"https:\\\/\\\/pilowa.com\\\/\",\"logo\":{\"@type\":\"ImageObject\",\"inLanguage\":\"fr-FR\",\"@id\":\"https:\\\/\\\/pilowa.com\\\/#\\\/schema\\\/logo\\\/image\\\/\",\"url\":\"https:\\\/\\\/pilowa.com\\\/wp-content\\\/uploads\\\/2025\\\/03\\\/favicon-pilowa-48x48-1.png\",\"contentUrl\":\"https:\\\/\\\/pilowa.com\\\/wp-content\\\/uploads\\\/2025\\\/03\\\/favicon-pilowa-48x48-1.png\",\"width\":48,\"height\":48,\"caption\":\"Pilowa.com\"},\"image\":{\"@id\":\"https:\\\/\\\/pilowa.com\\\/#\\\/schema\\\/logo\\\/image\\\/\"}}]}<\/script>\n<!-- \/ Yoast SEO plugin. -->","yoast_head_json":{"title":"Pol\u00edtica de privacidad - Pilowa.com","robots":{"index":"noindex","follow":"nofollow"},"og_locale":"fr_FR","og_type":"article","og_title":"Pol\u00edtica de privacidad - Pilowa.com","og_description":"En Pilowa nos tomamos muy en serio la protecci\u00f3n de los datos de los usuarios de nuestra web www.pilowa.com y por eso queremos que leas nuestra pol\u00edtica de privacidad antes de dejar tus datos en cualquiera de nuestros formularios. Regulaciones legales a las que se acoge esta web Pilowa ha adecuado la web www.pilowa.com a [&hellip;]","og_url":"https:\/\/pilowa.com\/fr\/privacidad\/","og_site_name":"Pilowa.com","article_modified_time":"2025-03-07T16:41:58+00:00","twitter_card":"summary_large_image","twitter_misc":{"Dur\u00e9e de lecture estim\u00e9e":"7 minutes"},"schema":{"@context":"https:\/\/schema.org","@graph":[{"@type":"WebPage","@id":"https:\/\/pilowa.com\/privacidad\/","url":"https:\/\/pilowa.com\/privacidad\/","name":"Pol\u00edtica de privacidad - Pilowa.com","isPartOf":{"@id":"https:\/\/pilowa.com\/#website"},"datePublished":"2024-12-11T17:15:29+00:00","dateModified":"2025-03-07T16:41:58+00:00","breadcrumb":{"@id":"https:\/\/pilowa.com\/privacidad\/#breadcrumb"},"inLanguage":"fr-FR","potentialAction":[{"@type":"ReadAction","target":["https:\/\/pilowa.com\/privacidad\/"]}]},{"@type":"BreadcrumbList","@id":"https:\/\/pilowa.com\/privacidad\/#breadcrumb","itemListElement":[{"@type":"ListItem","position":1,"name":"Portada","item":"https:\/\/pilowa.com\/"},{"@type":"ListItem","position":2,"name":"Pol\u00edtica de privacidad"}]},{"@type":"WebSite","@id":"https:\/\/pilowa.com\/#website","url":"https:\/\/pilowa.com\/","name":"Pilowa.com","description":"Perchero para restaurantes","publisher":{"@id":"https:\/\/pilowa.com\/#organization"},"potentialAction":[{"@type":"SearchAction","target":{"@type":"EntryPoint","urlTemplate":"https:\/\/pilowa.com\/?s={search_term_string}"},"query-input":{"@type":"PropertyValueSpecification","valueRequired":true,"valueName":"search_term_string"}}],"inLanguage":"fr-FR"},{"@type":"Organization","@id":"https:\/\/pilowa.com\/#organization","name":"Pilowa.com","url":"https:\/\/pilowa.com\/","logo":{"@type":"ImageObject","inLanguage":"fr-FR","@id":"https:\/\/pilowa.com\/#\/schema\/logo\/image\/","url":"https:\/\/pilowa.com\/wp-content\/uploads\/2025\/03\/favicon-pilowa-48x48-1.png","contentUrl":"https:\/\/pilowa.com\/wp-content\/uploads\/2025\/03\/favicon-pilowa-48x48-1.png","width":48,"height":48,"caption":"Pilowa.com"},"image":{"@id":"https:\/\/pilowa.com\/#\/schema\/logo\/image\/"}}]}},"_links":{"self":[{"href":"https:\/\/pilowa.com\/fr\/wp-json\/wp\/v2\/pages\/3","targetHints":{"allow":["GET"]}}],"collection":[{"href":"https:\/\/pilowa.com\/fr\/wp-json\/wp\/v2\/pages"}],"about":[{"href":"https:\/\/pilowa.com\/fr\/wp-json\/wp\/v2\/types\/page"}],"author":[{"embeddable":true,"href":"https:\/\/pilowa.com\/fr\/wp-json\/wp\/v2\/users\/1"}],"replies":[{"embeddable":true,"href":"https:\/\/pilowa.com\/fr\/wp-json\/wp\/v2\/comments?post=3"}],"version-history":[{"count":5,"href":"https:\/\/pilowa.com\/fr\/wp-json\/wp\/v2\/pages\/3\/revisions"}],"predecessor-version":[{"id":163,"href":"https:\/\/pilowa.com\/fr\/wp-json\/wp\/v2\/pages\/3\/revisions\/163"}],"wp:attachment":[{"href":"https:\/\/pilowa.com\/fr\/wp-json\/wp\/v2\/media?parent=3"}],"curies":[{"name":"wp","href":"https:\/\/api.w.org\/{rel}","templated":true}]}}