{"id":127,"date":"2024-12-13T12:28:56","date_gmt":"2024-12-13T11:28:56","guid":{"rendered":"https:\/\/pilowa.com\/?page_id=127"},"modified":"2025-03-07T17:42:09","modified_gmt":"2025-03-07T16:42:09","slug":"cookies","status":"publish","type":"page","link":"https:\/\/pilowa.com\/fr\/cookies\/","title":{"rendered":"Politique des cookies"},"content":{"rendered":"<p class=\"p1\"><b>Que sont les cookies ?<\/b><\/p>\n<p class=\"p1\">Les cookies sont des fichiers textes qui sont t\u00e9l\u00e9charg\u00e9s sur l'\u00e9quipement terminal de l'utilisateur (ordinateur, tablette, t\u00e9l\u00e9phone mobile, etc.) et stock\u00e9s dans la m\u00e9moire du navigateur de l'utilisateur. Les donn\u00e9es contenues dans les cookies peuvent \u00eatre analys\u00e9es par Pilowa pour am\u00e9liorer la convivialit\u00e9 des sites Web et pour offrir des informations et des services plus personnalis\u00e9s.<\/p>\n<p class=\"p1\">Les donn\u00e9es de navigation r\u00e9cup\u00e9r\u00e9es par les cookies sont anonymes et ne sont associ\u00e9es \u00e0 aucune personne. Les informations personnelles doivent \u00eatre fournies explicitement \u00e0 Pilowa par l'utilisateur.<\/p>\n<p class=\"p1\">L'utilisateur peut supprimer ou d\u00e9sactiver les cookies \u00e0 partir des param\u00e8tres de son navigateur Web. Dans ce cas, le site Web continuera \u00e0 fonctionner, mais sans les avantages de la personnalisation.<span class=\"Apple-converted-space\">\u00a0<\/span><\/p>\n<p class=\"p1\"><b>Quels types de cookies sont utilis\u00e9s sur www.pilowa.com?<\/b><\/p>\n<p class=\"p1\"><span class=\"Apple-converted-space\">\u00a0 \u00a0<\/span><b> Selon l'entit\u00e9 qui les g\u00e8re:<\/b><\/p>\n<p class=\"p1 translation-block\">- Propres : Ce sont des cookies qui sont envoy\u00e9s depuis un ordinateur ou un domaine g\u00e9r\u00e9 par Pilowa vers le terminal de l\u2019utilisateur.<\/p>\n<p class=\"p1 translation-block\">- Cookies tiers: Ce sont des cookies qui sont envoy\u00e9s au terminal de l\u2019utilisateur \u00e0 partir d\u2019un ordinateur ou d\u2019un domaine qui n\u2019est pas g\u00e9r\u00e9 ou contr\u00f4l\u00e9 par Pilowa. Cela inclut \u00e9galement les cookies install\u00e9s par Pilowa qui collectent des informations g\u00e9r\u00e9es par des tiers. Des cookies tiers peuvent \u00eatre utilis\u00e9s pour mesurer et analyser le comportement des utilisateurs afin d'am\u00e9liorer votre exp\u00e9rience sur le site www.pilowa.com.<\/p>\n<p class=\"p1\"><span class=\"Apple-converted-space\">\u00a0 <\/span><b><span class=\"Apple-converted-space\">\u00a0 <\/span>En fonction de la dur\u00e9e pendant laquelle ils restent activ\u00e9s:<\/b><\/p>\n<p class=\"p1 translation-block\">Session: Ils collectent des donn\u00e9es pendant que l\u2019utilisateur navigue sur le site Web Pilowa afin de fournir le service demand\u00e9. Ils expirent ou sont supprim\u00e9s lorsque le navigateur est ferm\u00e9.<\/p>\n<p class=\"p1 translation-block\">- Persistants : Ils sont stock\u00e9s sur le terminal de l\u2019utilisateur. Ils expirent dans un d\u00e9lai long ou moyen ou jamais.<\/p>\n<p class=\"p1\"><span class=\"Apple-converted-space\">\u00a0 \u00a0 <\/span><b>Selon le but:<\/b><\/p>\n<p class=\"p1 translation-block\">- Techniques : Elles sont n\u00e9cessaires \u00e0 une navigation correcte sur le site.<\/p>\n<p class=\"p1 translation-block\">- Personnalisation : Ils permettent \u00e0 l\u2019utilisateur de d\u00e9finir les caract\u00e9ristiques (langue) de navigation sur le site.<\/p>\n<p class=\"p1 translation-block\">- Analyse : Ces cookies permettent \u00e0 Pilowa d\u2019analyser la navigation de l\u2019utilisateur afin de suivre l\u2019utilisation du site web et d\u2019\u00e9tablir des statistiques sur le contenu le plus visit\u00e9, le nombre de visiteurs, etc.<\/p>\n<p class=\"p1 translation-block\">- Publicit\u00e9 : Ils permettent de g\u00e9rer les espaces publicitaires en fonction de crit\u00e8res tels que l\u2019\u00e9dition du contenu ou les habitudes de navigation des utilisateurs<\/p>","protected":false},"excerpt":{"rendered":"<p>\u00bfQu\u00e9 son las cookies? Las cookies son archivos de texto que se descargan al equipo terminal del usuario (ordenador, tableta, tel\u00e9fono m\u00f3vil&#8230;) y que se guardan en la memoria de su navegador. Los datos contenidos en las cookies pueden ser analizados por Pilowa para mejorar la usabilidad de las webs y ofrecer una informaci\u00f3n y [&hellip;]<\/p>\n","protected":false},"author":1,"featured_media":0,"parent":0,"menu_order":0,"comment_status":"closed","ping_status":"closed","template":"","meta":{"_et_pb_use_builder":"","_et_pb_old_content":"","_et_gb_content_width":"","footnotes":""},"class_list":["post-127","page","type-page","status-publish","hentry"],"yoast_head":"<!-- This site is optimized with the Yoast SEO plugin v27.3 - https:\/\/yoast.com\/product\/yoast-seo-wordpress\/ -->\n<title>Pol\u00edtica de Cookies - Pilowa.com<\/title>\n<meta name=\"robots\" content=\"noindex, nofollow\" \/>\n<meta property=\"og:locale\" content=\"fr_FR\" \/>\n<meta property=\"og:type\" content=\"article\" \/>\n<meta property=\"og:title\" content=\"Pol\u00edtica de Cookies - Pilowa.com\" \/>\n<meta property=\"og:description\" content=\"\u00bfQu\u00e9 son las cookies? Las cookies son archivos de texto que se descargan al equipo terminal del usuario (ordenador, tableta, tel\u00e9fono m\u00f3vil&#8230;) y que se guardan en la memoria de su navegador. Los datos contenidos en las cookies pueden ser analizados por Pilowa para mejorar la usabilidad de las webs y ofrecer una informaci\u00f3n y [&hellip;]\" \/>\n<meta property=\"og:url\" content=\"https:\/\/pilowa.com\/fr\/cookies\/\" \/>\n<meta property=\"og:site_name\" content=\"Pilowa.com\" \/>\n<meta property=\"article:modified_time\" content=\"2025-03-07T16:42:09+00:00\" \/>\n<meta name=\"twitter:card\" content=\"summary_large_image\" \/>\n<meta name=\"twitter:label1\" content=\"Dur\u00e9e de lecture estim\u00e9e\" \/>\n\t<meta name=\"twitter:data1\" content=\"2 minutes\" \/>\n<script type=\"application\/ld+json\" class=\"yoast-schema-graph\">{\"@context\":\"https:\\\/\\\/schema.org\",\"@graph\":[{\"@type\":\"WebPage\",\"@id\":\"https:\\\/\\\/pilowa.com\\\/cookies\\\/\",\"url\":\"https:\\\/\\\/pilowa.com\\\/cookies\\\/\",\"name\":\"Pol\u00edtica de Cookies - Pilowa.com\",\"isPartOf\":{\"@id\":\"https:\\\/\\\/pilowa.com\\\/#website\"},\"datePublished\":\"2024-12-13T11:28:56+00:00\",\"dateModified\":\"2025-03-07T16:42:09+00:00\",\"breadcrumb\":{\"@id\":\"https:\\\/\\\/pilowa.com\\\/cookies\\\/#breadcrumb\"},\"inLanguage\":\"fr-FR\",\"potentialAction\":[{\"@type\":\"ReadAction\",\"target\":[\"https:\\\/\\\/pilowa.com\\\/cookies\\\/\"]}]},{\"@type\":\"BreadcrumbList\",\"@id\":\"https:\\\/\\\/pilowa.com\\\/cookies\\\/#breadcrumb\",\"itemListElement\":[{\"@type\":\"ListItem\",\"position\":1,\"name\":\"Portada\",\"item\":\"https:\\\/\\\/pilowa.com\\\/\"},{\"@type\":\"ListItem\",\"position\":2,\"name\":\"Pol\u00edtica de Cookies\"}]},{\"@type\":\"WebSite\",\"@id\":\"https:\\\/\\\/pilowa.com\\\/#website\",\"url\":\"https:\\\/\\\/pilowa.com\\\/\",\"name\":\"Pilowa.com\",\"description\":\"Perchero para restaurantes\",\"publisher\":{\"@id\":\"https:\\\/\\\/pilowa.com\\\/#organization\"},\"potentialAction\":[{\"@type\":\"SearchAction\",\"target\":{\"@type\":\"EntryPoint\",\"urlTemplate\":\"https:\\\/\\\/pilowa.com\\\/?s={search_term_string}\"},\"query-input\":{\"@type\":\"PropertyValueSpecification\",\"valueRequired\":true,\"valueName\":\"search_term_string\"}}],\"inLanguage\":\"fr-FR\"},{\"@type\":\"Organization\",\"@id\":\"https:\\\/\\\/pilowa.com\\\/#organization\",\"name\":\"Pilowa.com\",\"url\":\"https:\\\/\\\/pilowa.com\\\/\",\"logo\":{\"@type\":\"ImageObject\",\"inLanguage\":\"fr-FR\",\"@id\":\"https:\\\/\\\/pilowa.com\\\/#\\\/schema\\\/logo\\\/image\\\/\",\"url\":\"https:\\\/\\\/pilowa.com\\\/wp-content\\\/uploads\\\/2025\\\/03\\\/favicon-pilowa-48x48-1.png\",\"contentUrl\":\"https:\\\/\\\/pilowa.com\\\/wp-content\\\/uploads\\\/2025\\\/03\\\/favicon-pilowa-48x48-1.png\",\"width\":48,\"height\":48,\"caption\":\"Pilowa.com\"},\"image\":{\"@id\":\"https:\\\/\\\/pilowa.com\\\/#\\\/schema\\\/logo\\\/image\\\/\"}}]}<\/script>\n<!-- \/ Yoast SEO plugin. -->","yoast_head_json":{"title":"Pol\u00edtica de Cookies - Pilowa.com","robots":{"index":"noindex","follow":"nofollow"},"og_locale":"fr_FR","og_type":"article","og_title":"Pol\u00edtica de Cookies - Pilowa.com","og_description":"\u00bfQu\u00e9 son las cookies? Las cookies son archivos de texto que se descargan al equipo terminal del usuario (ordenador, tableta, tel\u00e9fono m\u00f3vil&#8230;) y que se guardan en la memoria de su navegador. Los datos contenidos en las cookies pueden ser analizados por Pilowa para mejorar la usabilidad de las webs y ofrecer una informaci\u00f3n y [&hellip;]","og_url":"https:\/\/pilowa.com\/fr\/cookies\/","og_site_name":"Pilowa.com","article_modified_time":"2025-03-07T16:42:09+00:00","twitter_card":"summary_large_image","twitter_misc":{"Dur\u00e9e de lecture estim\u00e9e":"2 minutes"},"schema":{"@context":"https:\/\/schema.org","@graph":[{"@type":"WebPage","@id":"https:\/\/pilowa.com\/cookies\/","url":"https:\/\/pilowa.com\/cookies\/","name":"Pol\u00edtica de Cookies - Pilowa.com","isPartOf":{"@id":"https:\/\/pilowa.com\/#website"},"datePublished":"2024-12-13T11:28:56+00:00","dateModified":"2025-03-07T16:42:09+00:00","breadcrumb":{"@id":"https:\/\/pilowa.com\/cookies\/#breadcrumb"},"inLanguage":"fr-FR","potentialAction":[{"@type":"ReadAction","target":["https:\/\/pilowa.com\/cookies\/"]}]},{"@type":"BreadcrumbList","@id":"https:\/\/pilowa.com\/cookies\/#breadcrumb","itemListElement":[{"@type":"ListItem","position":1,"name":"Portada","item":"https:\/\/pilowa.com\/"},{"@type":"ListItem","position":2,"name":"Pol\u00edtica de Cookies"}]},{"@type":"WebSite","@id":"https:\/\/pilowa.com\/#website","url":"https:\/\/pilowa.com\/","name":"Pilowa.com","description":"Perchero para restaurantes","publisher":{"@id":"https:\/\/pilowa.com\/#organization"},"potentialAction":[{"@type":"SearchAction","target":{"@type":"EntryPoint","urlTemplate":"https:\/\/pilowa.com\/?s={search_term_string}"},"query-input":{"@type":"PropertyValueSpecification","valueRequired":true,"valueName":"search_term_string"}}],"inLanguage":"fr-FR"},{"@type":"Organization","@id":"https:\/\/pilowa.com\/#organization","name":"Pilowa.com","url":"https:\/\/pilowa.com\/","logo":{"@type":"ImageObject","inLanguage":"fr-FR","@id":"https:\/\/pilowa.com\/#\/schema\/logo\/image\/","url":"https:\/\/pilowa.com\/wp-content\/uploads\/2025\/03\/favicon-pilowa-48x48-1.png","contentUrl":"https:\/\/pilowa.com\/wp-content\/uploads\/2025\/03\/favicon-pilowa-48x48-1.png","width":48,"height":48,"caption":"Pilowa.com"},"image":{"@id":"https:\/\/pilowa.com\/#\/schema\/logo\/image\/"}}]}},"_links":{"self":[{"href":"https:\/\/pilowa.com\/fr\/wp-json\/wp\/v2\/pages\/127","targetHints":{"allow":["GET"]}}],"collection":[{"href":"https:\/\/pilowa.com\/fr\/wp-json\/wp\/v2\/pages"}],"about":[{"href":"https:\/\/pilowa.com\/fr\/wp-json\/wp\/v2\/types\/page"}],"author":[{"embeddable":true,"href":"https:\/\/pilowa.com\/fr\/wp-json\/wp\/v2\/users\/1"}],"replies":[{"embeddable":true,"href":"https:\/\/pilowa.com\/fr\/wp-json\/wp\/v2\/comments?post=127"}],"version-history":[{"count":1,"href":"https:\/\/pilowa.com\/fr\/wp-json\/wp\/v2\/pages\/127\/revisions"}],"predecessor-version":[{"id":128,"href":"https:\/\/pilowa.com\/fr\/wp-json\/wp\/v2\/pages\/127\/revisions\/128"}],"wp:attachment":[{"href":"https:\/\/pilowa.com\/fr\/wp-json\/wp\/v2\/media?parent=127"}],"curies":[{"name":"wp","href":"https:\/\/api.w.org\/{rel}","templated":true}]}}