{"id":122,"date":"2024-12-13T12:05:51","date_gmt":"2024-12-13T11:05:51","guid":{"rendered":"https:\/\/pilowa.com\/?page_id=122"},"modified":"2025-03-07T17:45:30","modified_gmt":"2025-03-07T16:45:30","slug":"aviso-legal","status":"publish","type":"page","link":"https:\/\/pilowa.com\/fr\/aviso-legal\/","title":{"rendered":"Avis l\u00e9gal"},"content":{"rendered":"<p class=\"p1\">Cet avis juridique r\u00e9git les conditions g\u00e9n\u00e9rales d'acc\u00e8s et d'utilisation de Pilowa.com accessible \u00e0 l'adresse www.pilowa.com (ci-apr\u00e8s, Pilowa.com).<\/p>\n<p>L'utilisation de Pilowa.com implique l'acceptation pleine et sans r\u00e9serve de chacune des dispositions incluses dans le pr\u00e9sent avis juridique. Par cons\u00e9quent, l'utilisateur de Pilowa.com doit lire attentivement cet avis juridique chaque fois qu'il a l'intention d'utiliser le site Web, car le texte peut \u00eatre sujet \u00e0 des modifications \u00e0 la discr\u00e9tion du propri\u00e9taire du site Web, ou en raison d'un changement l\u00e9gislatif, jurisprudentiel ou dans la pratique des affaires.<\/p>\n<p class=\"p1\"><b>Propri\u00e9t\u00e9 de Pilowa.com<\/b><\/p>\n<p class=\"p1\">Nom du propri\u00e9taire : Sophia Khattabi (ci-apr\u00e8s \u00ab Pilowa \u00bb)<br \/>\nSi\u00e8ge social : Gran Via de les Corts Catalanes 1032, 10, 2 \u2013 Barcelone<br \/>\nN.I.F.: X9637020C<br \/>\nNum\u00e9ro de t\u00e9l\u00e9phone de contact : 676 688 582<br \/>\nCourriel: info@pilowa.com<\/p>\n<p class=\"p1\"><b>Objet de Pilowa.com<\/b><\/p>\n<p class=\"p1 translation-block\">Pilowa.com fournit aux utilisateurs l'acc\u00e8s aux informations et aux services fournis par Pilowa aux personnes ou organisations int\u00e9ress\u00e9es.<\/p>\n<p class=\"p1\"><b>Acc\u00e8s et utilisation de Pilowa.com<\/b><\/p>\n<p class=\"p1\">- Acc\u00e8s et utilisation libres du site. L'acc\u00e8s au site est gratuit pour ses utilisateurs.<\/p>\n<p>- Enregistrement de l\u2019utilisateur. De mani\u00e8re g\u00e9n\u00e9rale, l\u2019acc\u00e8s et l\u2019utilisation du site ne n\u00e9cessitent pas d\u2019abonnement ou d\u2019inscription pr\u00e9alable de la part des utilisateurs.<\/p>\n<p class=\"p1\"><b>Contenu de Pilowa.com<\/b><\/p>\n<p class=\"p1 translation-block\">Les langues utilis\u00e9es par le propri\u00e9taire sur le site web seront l'espagnol, l'anglais et le fran\u00e7ais. Pilowa n'est pas responsable de l'incompr\u00e9hension de la langue du site par l'utilisateur ni de ses cons\u00e9quences.<\/p>\n<p class=\"translation-block\">Pilowa peut modifier le contenu sans pr\u00e9avis, ainsi que les supprimer et les modifier au sein du site Web, ainsi que la mani\u00e8re dont ils sont accessibles, sans justification et librement, n'\u00e9tant pas responsable des cons\u00e9quences que ceux-ci peuvent entra\u00eener pour les utilisateurs.<\/p>\n<p>L'utilisation du contenu du site Web pour promouvoir, contracter ou divulguer de la publicit\u00e9 ou des informations propres ou de tiers sans l'autorisation de Pilowa est interdite, tout comme l'envoi de publicit\u00e9 ou d'informations en utilisant les services ou les informations mis \u00e0 disposition des utilisateurs. , que l\u2019utilisation soit gratuite ou non.<\/p>\n<p class=\"translation-block\">Les liens ou hyperliens que des tiers incorporent dans leurs pages Web, dirig\u00e9s vers ce site Web, seront destin\u00e9s \u00e0 l'ouverture de la page Web compl\u00e8te, et ne pourront pas manifester, directement ou indirectement, des indications fausses, inexactes ou pr\u00eatant \u00e0 confusion, ni entra\u00eener des erreurs ou des omissions d\u00e9loyales actions ill\u00e9gales contre Pilowa.<\/p>\n<p class=\"p1\"><b>Limitation de responsabilit\u00e9<\/b><\/p>\n<p class=\"p1 translation-block\">L'acc\u00e8s au site Web ainsi que toute utilisation non autoris\u00e9e qui pourrait \u00eatre faite des informations qui y sont contenues rel\u00e8vent de la responsabilit\u00e9 exclusive de la personne qui le fait. Pilowa ne sera pas responsable des cons\u00e9quences, dommages ou pr\u00e9judices qui pourraient r\u00e9sulter d'un tel acc\u00e8s ou d'une telle utilisation. Pilowa n'est pas responsable des erreurs de s\u00e9curit\u00e9 qui pourraient survenir ou des dommages qui pourraient \u00eatre caus\u00e9s au syst\u00e8me informatique de l'utilisateur (mat\u00e9riel et logiciel), ou aux fichiers ou documents qui y sont stock\u00e9s, suite \u00e0 :<\/p>\n<p class=\"translation-block\">- la pr\u00e9sence d\u2019un virus sur l\u2019ordinateur de l\u2019utilisateur utilis\u00e9 pour se connecter aux services et contenus du site.\n- un dysfonctionnement du navigateur.\n- et\/ou l\u2019utilisation de versions non mises \u00e0 jour de celles-ci.<\/p>\n<p class=\"translation-block\">Pilowa n'est pas responsable de la fiabilit\u00e9 et de la rapidit\u00e9 des hyperliens int\u00e9gr\u00e9s au site Web pour ouvrir d'autres sites Web. Pilowa ne garantit pas l'utilit\u00e9 de ces liens, ni n'est responsable du contenu ou des services auxquels l'utilisateur peut acc\u00e9der via ces liens, ni du bon fonctionnement de ces sites Web.<\/p>\n<p class=\"translation-block\">Pilowa ne sera pas responsable des virus ou autres programmes informatiques qui endommagent ou peuvent endommager les syst\u00e8mes informatiques ou l'\u00e9quipement des utilisateurs lors de l'acc\u00e8s \u00e0 son site Web ou \u00e0 d'autres sites Web accessibles via des liens sur ce site Web.<\/p>\n<p class=\"p1\"><b>Propri\u00e9t\u00e9 intellectuelle et industrielle<\/b><\/p>\n<p class=\"p1 translation-block\">Tous les droits de propri\u00e9t\u00e9 industrielle et intellectuelle du site Web, ainsi que du contenu qu'il contient, sont la propri\u00e9t\u00e9 de Pilowa. Toute utilisation du site ou de son contenu doit \u00eatre exclusivement r\u00e9serv\u00e9e \u00e0 des fins priv\u00e9es.<\/p>\n<p class=\"translation-block\">Toute autre utilisation impliquant la copie, la reproduction, la distribution, la transformation, la communication publique ou toute autre action similaire, de tout ou partie du contenu du site Web est r\u00e9serv\u00e9e exclusivement \u00e0 Pilowa, aucun utilisateur ne peut donc effectuer ces actions. sans le pr\u00e9alable consentement \u00e9crit de Pilowa.<\/p>\n<p class=\"p1\"><b>L\u00e9gislation applicable et juridiction comp\u00e9tente<\/b><span class=\"Apple-converted-space\">\u00a0<\/span><\/p>\n<p class=\"p1 translation-block\">Cet avis juridique sera interpr\u00e9t\u00e9 et r\u00e9gi conform\u00e9ment au droit espagnol. Pilowa et les utilisateurs, renon\u00e7ant express\u00e9ment \u00e0 toute autre juridiction qui pourrait leur correspondre, se soumettent \u00e0 la juridiction des cours et tribunaux du domicile de l'utilisateur pour tout litige pouvant d\u00e9couler de l'acc\u00e8s ou de l'utilisation du site Web.<\/p>\n<p class=\"p1 translation-block\">Dans le cas o\u00f9 l'utilisateur r\u00e9side hors d'Espagne, Pilowa et l'utilisateur renoncent express\u00e9ment \u00e0 toute responsabilit\u00e9 pour tout dommage d\u00e9coulant de l'utilisation du produit ou du service.<\/p>","protected":false},"excerpt":{"rendered":"<p>El presente Aviso Legal regula las condiciones generales de acceso y utilizaci\u00f3n de Pilowa.com accesible en la direcci\u00f3n www.pilowa.com (en adelante, Pilowa.com). La utilizaci\u00f3n de Pilowa.com implica la aceptaci\u00f3n plena y sin reservas de todas y cada una de las disposiciones incluidas en este Aviso Legal. En consecuencia, el usuario de Pilowa.com debe leer atentamente [&hellip;]<\/p>\n","protected":false},"author":1,"featured_media":0,"parent":0,"menu_order":0,"comment_status":"closed","ping_status":"closed","template":"","meta":{"_et_pb_use_builder":"","_et_pb_old_content":"","_et_gb_content_width":"","footnotes":""},"class_list":["post-122","page","type-page","status-publish","hentry"],"yoast_head":"<!-- This site is optimized with the Yoast SEO plugin v27.3 - https:\/\/yoast.com\/product\/yoast-seo-wordpress\/ -->\n<title>Aviso Legal - Pilowa.com<\/title>\n<meta name=\"robots\" content=\"noindex, nofollow\" \/>\n<meta property=\"og:locale\" content=\"fr_FR\" \/>\n<meta property=\"og:type\" content=\"article\" \/>\n<meta property=\"og:title\" content=\"Aviso Legal - Pilowa.com\" \/>\n<meta property=\"og:description\" content=\"El presente Aviso Legal regula las condiciones generales de acceso y utilizaci\u00f3n de Pilowa.com accesible en la direcci\u00f3n www.pilowa.com (en adelante, Pilowa.com). La utilizaci\u00f3n de Pilowa.com implica la aceptaci\u00f3n plena y sin reservas de todas y cada una de las disposiciones incluidas en este Aviso Legal. En consecuencia, el usuario de Pilowa.com debe leer atentamente [&hellip;]\" \/>\n<meta property=\"og:url\" content=\"https:\/\/pilowa.com\/fr\/aviso-legal\/\" \/>\n<meta property=\"og:site_name\" content=\"Pilowa.com\" \/>\n<meta property=\"article:modified_time\" content=\"2025-03-07T16:45:30+00:00\" \/>\n<meta name=\"twitter:card\" content=\"summary_large_image\" \/>\n<meta name=\"twitter:label1\" content=\"Dur\u00e9e de lecture estim\u00e9e\" \/>\n\t<meta name=\"twitter:data1\" content=\"4 minutes\" \/>\n<script type=\"application\/ld+json\" class=\"yoast-schema-graph\">{\"@context\":\"https:\\\/\\\/schema.org\",\"@graph\":[{\"@type\":\"WebPage\",\"@id\":\"https:\\\/\\\/pilowa.com\\\/aviso-legal\\\/\",\"url\":\"https:\\\/\\\/pilowa.com\\\/aviso-legal\\\/\",\"name\":\"Aviso Legal - Pilowa.com\",\"isPartOf\":{\"@id\":\"https:\\\/\\\/pilowa.com\\\/#website\"},\"datePublished\":\"2024-12-13T11:05:51+00:00\",\"dateModified\":\"2025-03-07T16:45:30+00:00\",\"breadcrumb\":{\"@id\":\"https:\\\/\\\/pilowa.com\\\/aviso-legal\\\/#breadcrumb\"},\"inLanguage\":\"fr-FR\",\"potentialAction\":[{\"@type\":\"ReadAction\",\"target\":[\"https:\\\/\\\/pilowa.com\\\/aviso-legal\\\/\"]}]},{\"@type\":\"BreadcrumbList\",\"@id\":\"https:\\\/\\\/pilowa.com\\\/aviso-legal\\\/#breadcrumb\",\"itemListElement\":[{\"@type\":\"ListItem\",\"position\":1,\"name\":\"Portada\",\"item\":\"https:\\\/\\\/pilowa.com\\\/\"},{\"@type\":\"ListItem\",\"position\":2,\"name\":\"Aviso Legal\"}]},{\"@type\":\"WebSite\",\"@id\":\"https:\\\/\\\/pilowa.com\\\/#website\",\"url\":\"https:\\\/\\\/pilowa.com\\\/\",\"name\":\"Pilowa.com\",\"description\":\"Perchero para restaurantes\",\"publisher\":{\"@id\":\"https:\\\/\\\/pilowa.com\\\/#organization\"},\"potentialAction\":[{\"@type\":\"SearchAction\",\"target\":{\"@type\":\"EntryPoint\",\"urlTemplate\":\"https:\\\/\\\/pilowa.com\\\/?s={search_term_string}\"},\"query-input\":{\"@type\":\"PropertyValueSpecification\",\"valueRequired\":true,\"valueName\":\"search_term_string\"}}],\"inLanguage\":\"fr-FR\"},{\"@type\":\"Organization\",\"@id\":\"https:\\\/\\\/pilowa.com\\\/#organization\",\"name\":\"Pilowa.com\",\"url\":\"https:\\\/\\\/pilowa.com\\\/\",\"logo\":{\"@type\":\"ImageObject\",\"inLanguage\":\"fr-FR\",\"@id\":\"https:\\\/\\\/pilowa.com\\\/#\\\/schema\\\/logo\\\/image\\\/\",\"url\":\"https:\\\/\\\/pilowa.com\\\/wp-content\\\/uploads\\\/2025\\\/03\\\/favicon-pilowa-48x48-1.png\",\"contentUrl\":\"https:\\\/\\\/pilowa.com\\\/wp-content\\\/uploads\\\/2025\\\/03\\\/favicon-pilowa-48x48-1.png\",\"width\":48,\"height\":48,\"caption\":\"Pilowa.com\"},\"image\":{\"@id\":\"https:\\\/\\\/pilowa.com\\\/#\\\/schema\\\/logo\\\/image\\\/\"}}]}<\/script>\n<!-- \/ Yoast SEO plugin. -->","yoast_head_json":{"title":"Aviso Legal - Pilowa.com","robots":{"index":"noindex","follow":"nofollow"},"og_locale":"fr_FR","og_type":"article","og_title":"Aviso Legal - Pilowa.com","og_description":"El presente Aviso Legal regula las condiciones generales de acceso y utilizaci\u00f3n de Pilowa.com accesible en la direcci\u00f3n www.pilowa.com (en adelante, Pilowa.com). La utilizaci\u00f3n de Pilowa.com implica la aceptaci\u00f3n plena y sin reservas de todas y cada una de las disposiciones incluidas en este Aviso Legal. En consecuencia, el usuario de Pilowa.com debe leer atentamente [&hellip;]","og_url":"https:\/\/pilowa.com\/fr\/aviso-legal\/","og_site_name":"Pilowa.com","article_modified_time":"2025-03-07T16:45:30+00:00","twitter_card":"summary_large_image","twitter_misc":{"Dur\u00e9e de lecture estim\u00e9e":"4 minutes"},"schema":{"@context":"https:\/\/schema.org","@graph":[{"@type":"WebPage","@id":"https:\/\/pilowa.com\/aviso-legal\/","url":"https:\/\/pilowa.com\/aviso-legal\/","name":"Aviso Legal - Pilowa.com","isPartOf":{"@id":"https:\/\/pilowa.com\/#website"},"datePublished":"2024-12-13T11:05:51+00:00","dateModified":"2025-03-07T16:45:30+00:00","breadcrumb":{"@id":"https:\/\/pilowa.com\/aviso-legal\/#breadcrumb"},"inLanguage":"fr-FR","potentialAction":[{"@type":"ReadAction","target":["https:\/\/pilowa.com\/aviso-legal\/"]}]},{"@type":"BreadcrumbList","@id":"https:\/\/pilowa.com\/aviso-legal\/#breadcrumb","itemListElement":[{"@type":"ListItem","position":1,"name":"Portada","item":"https:\/\/pilowa.com\/"},{"@type":"ListItem","position":2,"name":"Aviso Legal"}]},{"@type":"WebSite","@id":"https:\/\/pilowa.com\/#website","url":"https:\/\/pilowa.com\/","name":"Pilowa.com","description":"Perchero para restaurantes","publisher":{"@id":"https:\/\/pilowa.com\/#organization"},"potentialAction":[{"@type":"SearchAction","target":{"@type":"EntryPoint","urlTemplate":"https:\/\/pilowa.com\/?s={search_term_string}"},"query-input":{"@type":"PropertyValueSpecification","valueRequired":true,"valueName":"search_term_string"}}],"inLanguage":"fr-FR"},{"@type":"Organization","@id":"https:\/\/pilowa.com\/#organization","name":"Pilowa.com","url":"https:\/\/pilowa.com\/","logo":{"@type":"ImageObject","inLanguage":"fr-FR","@id":"https:\/\/pilowa.com\/#\/schema\/logo\/image\/","url":"https:\/\/pilowa.com\/wp-content\/uploads\/2025\/03\/favicon-pilowa-48x48-1.png","contentUrl":"https:\/\/pilowa.com\/wp-content\/uploads\/2025\/03\/favicon-pilowa-48x48-1.png","width":48,"height":48,"caption":"Pilowa.com"},"image":{"@id":"https:\/\/pilowa.com\/#\/schema\/logo\/image\/"}}]}},"_links":{"self":[{"href":"https:\/\/pilowa.com\/fr\/wp-json\/wp\/v2\/pages\/122","targetHints":{"allow":["GET"]}}],"collection":[{"href":"https:\/\/pilowa.com\/fr\/wp-json\/wp\/v2\/pages"}],"about":[{"href":"https:\/\/pilowa.com\/fr\/wp-json\/wp\/v2\/types\/page"}],"author":[{"embeddable":true,"href":"https:\/\/pilowa.com\/fr\/wp-json\/wp\/v2\/users\/1"}],"replies":[{"embeddable":true,"href":"https:\/\/pilowa.com\/fr\/wp-json\/wp\/v2\/comments?post=122"}],"version-history":[{"count":7,"href":"https:\/\/pilowa.com\/fr\/wp-json\/wp\/v2\/pages\/122\/revisions"}],"predecessor-version":[{"id":182,"href":"https:\/\/pilowa.com\/fr\/wp-json\/wp\/v2\/pages\/122\/revisions\/182"}],"wp:attachment":[{"href":"https:\/\/pilowa.com\/fr\/wp-json\/wp\/v2\/media?parent=122"}],"curies":[{"name":"wp","href":"https:\/\/api.w.org\/{rel}","templated":true}]}}